{"id":1398,"date":"2023-01-28T13:21:23","date_gmt":"2023-01-28T12:21:23","guid":{"rendered":"http:\/\/przemyslchemiczny.com\/journal\/"},"modified":"2023-05-07T09:45:10","modified_gmt":"2023-05-07T07:45:10","slug":"journal","status":"publish","type":"page","link":"https:\/\/przemyslchemiczny.com\/en\/journal\/","title":{"rendered":"Journal"},"content":{"rendered":"\t\t<div data-elementor-type=\"wp-page\" data-elementor-id=\"1398\" class=\"elementor elementor-1398 elementor-128\" data-elementor-post-type=\"page\">\n\t\t\t\t\t\t<section class=\"elementor-section elementor-top-section elementor-element elementor-element-6fa1a38 elementor-section-boxed elementor-section-height-default elementor-section-height-default\" data-id=\"6fa1a38\" data-element_type=\"section\">\n\t\t\t\t\t\t<div class=\"elementor-container elementor-column-gap-default\">\n\t\t\t\t\t<div class=\"elementor-column elementor-col-50 elementor-top-column elementor-element elementor-element-1c631f8\" data-id=\"1c631f8\" data-element_type=\"column\">\n\t\t\t<div class=\"elementor-widget-wrap elementor-element-populated\">\n\t\t\t\t\t\t<div class=\"elementor-element elementor-element-9189ace elementor-widget elementor-widget-heading\" data-id=\"9189ace\" data-element_type=\"widget\" data-widget_type=\"heading.default\">\n\t\t\t\t<div class=\"elementor-widget-container\">\n\t\t\t\t\t<h1 class=\"elementor-heading-title elementor-size-default\">Journal<\/h1>\t\t\t\t<\/div>\n\t\t\t\t<\/div>\n\t\t\t\t<section class=\"elementor-section elementor-inner-section elementor-element elementor-element-0cb7e1a elementor-section-boxed elementor-section-height-default elementor-section-height-default\" data-id=\"0cb7e1a\" data-element_type=\"section\">\n\t\t\t\t\t\t<div class=\"elementor-container elementor-column-gap-default\">\n\t\t\t\t\t<div class=\"elementor-column elementor-col-50 elementor-inner-column elementor-element elementor-element-63a012c\" data-id=\"63a012c\" data-element_type=\"column\">\n\t\t\t<div class=\"elementor-widget-wrap elementor-element-populated\">\n\t\t\t\t\t\t<div class=\"elementor-element elementor-element-43f5017 elementor-widget elementor-widget-text-editor\" data-id=\"43f5017\" data-element_type=\"widget\" data-widget_type=\"text-editor.default\">\n\t\t\t\t<div class=\"elementor-widget-container\">\n\t\t\t\t\t\t\t\t\t<p><strong>Przemysl Chemiczny<\/strong> is the oldest Polish magazine, leading and well-recognised in the industry. Its first issue was published in 1917. Monthly magazine has been listed on the so-called &#8216;Philadelphia list&#8217; of the world&#8217;s best scientific journals since 1964.<\/p>\n<ul>\n<li><strong>The journal&#8217;s Impact Factor for 2021 is 0.490<\/strong><\/li>\n<li><strong>Source Normalized Impact per Paper (SNIP coefficient) for 2019-2021 is 0.121<\/strong><\/li>\n<\/ul>\n<p>Authors of articles published in the scientific journal Przemysl Chemiczny receive <strong>70 points<\/strong> in accordance with the communication of the Minister of Science and Higher Education of 1 December 2021 on the list of scientific journals and <span style=\"font-size: 1rem;\">peer-reviewed materials of international conferences.<\/span> <\/p>\n<p><span style=\"font-size: 1rem;\">Articles are refereed by Chemical Abstracts (cover-to-cover), Referativnyi Zhurnal Khimiya and also collected in databases:<\/span><\/p>\n<ul>\n<li><strong>SCOPUS,<\/strong><\/li>\n<li><strong>RAPRA<\/strong> (the UK),<\/li>\n<li><strong>TEMA<\/strong> (Germany),<\/li>\n<li><strong>Baztech<\/strong> (Poland).<\/li>\n<\/ul>\n\t\t\t\t\t\t\t\t<\/div>\n\t\t\t\t<\/div>\n\t\t\t\t\t<\/div>\n\t\t<\/div>\n\t\t\t\t<div class=\"elementor-column elementor-col-50 elementor-inner-column elementor-element elementor-element-a127079\" data-id=\"a127079\" data-element_type=\"column\">\n\t\t\t<div class=\"elementor-widget-wrap elementor-element-populated\">\n\t\t\t\t\t\t<div class=\"elementor-element elementor-element-e71c622 elementor-widget elementor-widget-image\" data-id=\"e71c622\" data-element_type=\"widget\" data-widget_type=\"image.default\">\n\t\t\t\t<div class=\"elementor-widget-container\">\n\t\t\t\t\t\t\t\t\t\t\t\t\t\t\t<img decoding=\"async\" src=\"https:\/\/przemyslchemiczny.com\/wp-content\/uploads\/2023\/01\/106-lat-przemyslu-chemicznego.webp\" title=\"\" alt=\"\" loading=\"lazy\" \/>\t\t\t\t\t\t\t\t\t\t\t\t\t\t\t<\/div>\n\t\t\t\t<\/div>\n\t\t\t\t\t<\/div>\n\t\t<\/div>\n\t\t\t\t\t<\/div>\n\t\t<\/section>\n\t\t\t\t<div class=\"elementor-element elementor-element-53c7e51 elementor-widget elementor-widget-text-editor\" data-id=\"53c7e51\" data-element_type=\"widget\" data-widget_type=\"text-editor.default\">\n\t\t\t\t<div class=\"elementor-widget-container\">\n\t\t\t\t\t\t\t\t\t<p>The monthly magazine is indexed ISSN 0033-2496, e-ISSN 2449-9951.<br \/>The paper edition is the original version. Scientific articles published in the journal are identified by the number DOI:10.15199\/62&#8230;. which is the digital identifier of the electronic document.<\/p>\n<p>Published by:<\/p>\n<p><a href=\"https:\/\/www.sigma-not.pl\/home.xhtml\"><img decoding=\"async\" class=\"aligncenter wp-image-715 size-full\" src=\"http:\/\/przemyslchemiczny.com\/wp-content\/uploads\/2023\/02\/sigma-not_logo.jpg\" alt=\"\" width=\"242\" height=\"76\"><\/a><\/p>\n<p>SIGMA-NOT Publishing House of Technical Journals and Books Ltd.<br \/>Street 11 Ratuszowa<br \/>03-450 Warsaw<\/p>\n<p><i class=\"fa-solid fa-phone\"><\/i>  (22) 818 09 18<br \/><i class=\"fa-solid fa-phone\"><\/i>  (22) 818 98 32<\/p>\n<p><i class=\"fa-solid fa-envelope\"><\/i> <a href=\"mailto:sekretariat@sigma-not.pl\">sekretariat@sigma-not.pl<\/a><br \/><i class=\"fa-solid fa-globe\"><\/i> <a href=\"https:\/\/www.sigma-not.pl\/home.xhtml\" target=\"_blank\" rel=\"noopener\">www.sigma-not.pl<\/a><\/p>\n<p>The founding body is:<\/p>\n<p><a href=\"https:\/\/sitpchem.org.pl\/\"><img decoding=\"async\" class=\"aligncenter wp-image-33 size-thumbnail\" src=\"http:\/\/przemyslchemiczny.com\/wp-content\/uploads\/2023\/01\/logo-sitpchem-150x150.webp\" alt=\"sitpchem logo\" width=\"150\" height=\"150\"><\/a><\/p>\n<p>Association of Engineers and Technicians of the Chemical Industry (Stowarzyszenie In\u017cynier\u00f3w I Technik\u00f3w Przemys\u0142u Chemicznego)<br \/>Street T. Czackiego 3\/5<br \/>00-043 Warsaw<\/p>\n<p><i class=\"fa-solid fa-phone\"><\/i>  (22) 826 78 96<br \/><i class=\"fa-solid fa-phone\"><\/i>  516 934 423<\/p>\n<p><i class=\"fa-solid fa-envelope\"><\/i> <a href=\"mailto:sekretariat@sitpchem.org.pl\">sekretariat@sitpchem.org.pl<\/a><\/p>\n<p>The association&#8217;s mission is to promote and disseminate engineering knowledge and economic patriotism, with attention to the community of interests of engineers.<\/p>\n\t\t\t\t\t\t\t\t<\/div>\n\t\t\t\t<\/div>\n\t\t\t\t\t<\/div>\n\t\t<\/div>\n\t\t\t\t<div class=\"elementor-column elementor-col-50 elementor-top-column elementor-element elementor-element-99e5f7c\" data-id=\"99e5f7c\" data-element_type=\"column\">\n\t\t\t<div class=\"elementor-widget-wrap elementor-element-populated\">\n\t\t\t\t\t\t<div class=\"elementor-element elementor-element-77105b3 elementor-widget elementor-widget-shortcode\" data-id=\"77105b3\" data-element_type=\"widget\" data-widget_type=\"shortcode.default\">\n\t\t\t\t<div class=\"elementor-widget-container\">\n\t\t\t\t\t\t\t<div class=\"elementor-shortcode\">\t\t<div data-elementor-type=\"wp-post\" data-elementor-id=\"93\" class=\"elementor elementor-93\" data-elementor-post-type=\"ae_global_templates\">\n\t\t\t\t\t\t<section class=\"elementor-section elementor-top-section elementor-element elementor-element-846ea27 elementor-section-boxed elementor-section-height-default elementor-section-height-default\" data-id=\"846ea27\" data-element_type=\"section\">\n\t\t\t\t\t\t<div class=\"elementor-container elementor-column-gap-default\">\n\t\t\t\t\t<div class=\"elementor-column elementor-col-100 elementor-top-column elementor-element elementor-element-f069737\" data-id=\"f069737\" data-element_type=\"column\">\n\t\t\t<div class=\"elementor-widget-wrap\">\n\t\t\t\t\t\t\t<\/div>\n\t\t<\/div>\n\t\t\t\t\t<\/div>\n\t\t<\/section>\n\t\t\t\t<section class=\"elementor-section elementor-top-section elementor-element elementor-element-53857b1 elementor-section-boxed elementor-section-height-default elementor-section-height-default\" data-id=\"53857b1\" data-element_type=\"section\">\n\t\t\t\t\t\t<div class=\"elementor-container elementor-column-gap-no\">\n\t\t\t\t\t<div class=\"elementor-column elementor-col-100 elementor-top-column elementor-element elementor-element-82c2132\" data-id=\"82c2132\" data-element_type=\"column\">\n\t\t\t<div class=\"elementor-widget-wrap elementor-element-populated\">\n\t\t\t\t\t\t<div class=\"elementor-element elementor-element-7b267c7 elementor-widget elementor-widget-heading\" data-id=\"7b267c7\" data-element_type=\"widget\" data-widget_type=\"heading.default\">\n\t\t\t\t<div class=\"elementor-widget-container\">\n\t\t\t\t\t<h2 class=\"elementor-heading-title elementor-size-default\">Reklama<\/h2>\t\t\t\t<\/div>\n\t\t\t\t<\/div>\n\t\t\t\t<div class=\"elementor-element elementor-element-f54c3ea elementor-widget elementor-widget-image\" data-id=\"f54c3ea\" data-element_type=\"widget\" data-widget_type=\"image.default\">\n\t\t\t\t<div class=\"elementor-widget-container\">\n\t\t\t\t\t\t\t\t\t\t\t\t\t\t\t\t<a href=\"https:\/\/konferencja-przemyslchemiczny.pl\/\">\n\t\t\t\t\t\t\t<img decoding=\"async\" src=\"https:\/\/przemyslchemiczny.com\/wp-content\/uploads\/elementor\/thumbs\/konferencja_PCH_reklama-2026-rh7t1xz1wbvn1y2h9mq9k8iymkkx32fdjo4cfu0gfa.jpg\" title=\"konferencja_PCH_reklama 2026\" alt=\"konferencja_PCH_reklama 2026\" loading=\"lazy\" \/>\t\t\t\t\t\t\t\t<\/a>\n\t\t\t\t\t\t\t\t\t\t\t\t\t\t\t<\/div>\n\t\t\t\t<\/div>\n\t\t\t\t<div class=\"elementor-element elementor-element-1a392d7 elementor-widget elementor-widget-image\" data-id=\"1a392d7\" data-element_type=\"widget\" data-widget_type=\"image.default\">\n\t\t\t\t<div class=\"elementor-widget-container\">\n\t\t\t\t\t\t\t\t\t\t\t\t\t\t\t\t<a href=\"https:\/\/przemyslchemiczny.com\/prenumerata\/\">\n\t\t\t\t\t\t\t<img decoding=\"async\" src=\"https:\/\/przemyslchemiczny.com\/wp-content\/uploads\/elementor\/thumbs\/Prenumerata-2026_page-0001-scaled-rdq2wke83jf0utidgtoqnfbv7zw0hvgcuqc7vitemw.jpg\" title=\"Prenumerata 2026_page-0001\" alt=\"Prenumerata 2026 PCH\" loading=\"lazy\" \/>\t\t\t\t\t\t\t\t<\/a>\n\t\t\t\t\t\t\t\t\t\t\t\t\t\t\t<\/div>\n\t\t\t\t<\/div>\n\t\t\t\t\t<\/div>\n\t\t<\/div>\n\t\t\t\t\t<\/div>\n\t\t<\/section>\n\t\t\t\t<section class=\"elementor-section elementor-top-section elementor-element elementor-element-20a918f elementor-section-boxed elementor-section-height-default elementor-section-height-default\" data-id=\"20a918f\" data-element_type=\"section\">\n\t\t\t\t\t\t<div class=\"elementor-container elementor-column-gap-default\">\n\t\t\t\t\t<div class=\"elementor-column elementor-col-100 elementor-top-column elementor-element elementor-element-8814a83\" data-id=\"8814a83\" data-element_type=\"column\">\n\t\t\t<div class=\"elementor-widget-wrap elementor-element-populated\">\n\t\t\t\t\t\t\t<\/div>\n\t\t<\/div>\n\t\t\t\t\t<\/div>\n\t\t<\/section>\n\t\t\t\t<section class=\"elementor-section elementor-top-section elementor-element elementor-element-a02a0e5 elementor-section-boxed elementor-section-height-default elementor-section-height-default\" data-id=\"a02a0e5\" data-element_type=\"section\">\n\t\t\t\t\t\t<div class=\"elementor-container elementor-column-gap-default\">\n\t\t\t\t\t<div class=\"elementor-column elementor-col-100 elementor-top-column elementor-element elementor-element-2ab629e\" data-id=\"2ab629e\" data-element_type=\"column\">\n\t\t\t<div class=\"elementor-widget-wrap\">\n\t\t\t\t\t\t\t<\/div>\n\t\t<\/div>\n\t\t\t\t\t<\/div>\n\t\t<\/section>\n\t\t\t\t<\/div>\n\t\t<\/div>\n\t\t\t\t\t\t<\/div>\n\t\t\t\t<\/div>\n\t\t\t\t\t<\/div>\n\t\t<\/div>\n\t\t\t\t\t<\/div>\n\t\t<\/section>\n\t\t\t\t<\/div>\n\t\t","protected":false},"excerpt":{"rendered":"<p>Journal Przemysl Chemiczny is the oldest Polish magazine, leading and well-recognised in the industry. Its first issue was published in 1917. Monthly magazine has been listed on the so-called &#8216;Philadelphia list&#8217; of the world&#8217;s best scientific journals since 1964. The journal&#8217;s Impact Factor for 2021 is 0.490 Source Normalized Impact per Paper (SNIP coefficient) for [&hellip;]<\/p>\n","protected":false},"author":3,"featured_media":0,"parent":0,"menu_order":0,"comment_status":"closed","ping_status":"closed","template":"","meta":{"footnotes":""},"class_list":["post-1398","page","type-page","status-publish","hentry"],"_links":{"self":[{"href":"https:\/\/przemyslchemiczny.com\/en\/wp-json\/wp\/v2\/pages\/1398","targetHints":{"allow":["GET"]}}],"collection":[{"href":"https:\/\/przemyslchemiczny.com\/en\/wp-json\/wp\/v2\/pages"}],"about":[{"href":"https:\/\/przemyslchemiczny.com\/en\/wp-json\/wp\/v2\/types\/page"}],"author":[{"embeddable":true,"href":"https:\/\/przemyslchemiczny.com\/en\/wp-json\/wp\/v2\/users\/3"}],"replies":[{"embeddable":true,"href":"https:\/\/przemyslchemiczny.com\/en\/wp-json\/wp\/v2\/comments?post=1398"}],"version-history":[{"count":1,"href":"https:\/\/przemyslchemiczny.com\/en\/wp-json\/wp\/v2\/pages\/1398\/revisions"}],"predecessor-version":[{"id":1399,"href":"https:\/\/przemyslchemiczny.com\/en\/wp-json\/wp\/v2\/pages\/1398\/revisions\/1399"}],"wp:attachment":[{"href":"https:\/\/przemyslchemiczny.com\/en\/wp-json\/wp\/v2\/media?parent=1398"}],"curies":[{"name":"wp","href":"https:\/\/api.w.org\/{rel}","templated":true}]}}