{"id":1405,"date":"2023-01-28T21:38:45","date_gmt":"2023-01-28T20:38:45","guid":{"rendered":"http:\/\/przemyslchemiczny.com\/subscription\/"},"modified":"2023-05-07T10:18:29","modified_gmt":"2023-05-07T08:18:29","slug":"subscription","status":"publish","type":"page","link":"https:\/\/przemyslchemiczny.com\/en\/subscription\/","title":{"rendered":"Subscription"},"content":{"rendered":"\t\t<div data-elementor-type=\"wp-page\" data-elementor-id=\"1405\" class=\"elementor elementor-1405 elementor-334\" data-elementor-post-type=\"page\">\n\t\t\t\t\t\t<section class=\"elementor-section elementor-top-section elementor-element elementor-element-6fa1a38 elementor-section-boxed elementor-section-height-default elementor-section-height-default\" data-id=\"6fa1a38\" data-element_type=\"section\">\n\t\t\t\t\t\t<div class=\"elementor-container elementor-column-gap-default\">\n\t\t\t\t\t<div class=\"elementor-column elementor-col-25 elementor-top-column elementor-element elementor-element-8c3a9a8\" data-id=\"8c3a9a8\" data-element_type=\"column\">\n\t\t\t<div class=\"elementor-widget-wrap elementor-element-populated\">\n\t\t\t\t\t\t<div class=\"elementor-element elementor-element-a4fb5ab elementor-widget elementor-widget-shortcode\" data-id=\"a4fb5ab\" data-element_type=\"widget\" data-widget_type=\"shortcode.default\">\n\t\t\t\t<div class=\"elementor-widget-container\">\n\t\t\t\t\t\t\t<div class=\"elementor-shortcode\">\t\t<div data-elementor-type=\"wp-post\" data-elementor-id=\"907\" class=\"elementor elementor-907\" data-elementor-post-type=\"ae_global_templates\">\n\t\t\t\t\t\t<section class=\"elementor-section elementor-top-section elementor-element elementor-element-53857b1 elementor-section-boxed elementor-section-height-default elementor-section-height-default\" data-id=\"53857b1\" data-element_type=\"section\">\n\t\t\t\t\t\t<div class=\"elementor-container elementor-column-gap-no\">\n\t\t\t\t\t<div class=\"elementor-column elementor-col-100 elementor-top-column elementor-element elementor-element-82c2132\" data-id=\"82c2132\" data-element_type=\"column\">\n\t\t\t<div class=\"elementor-widget-wrap elementor-element-populated\">\n\t\t\t\t\t\t<div class=\"elementor-element elementor-element-d038b10 elementor-widget elementor-widget-heading\" data-id=\"d038b10\" data-element_type=\"widget\" data-widget_type=\"heading.default\">\n\t\t\t\t<div class=\"elementor-widget-container\">\n\t\t\t\t\t<h2 class=\"elementor-heading-title elementor-size-default\">Najnowszy numer<\/h2>\t\t\t\t<\/div>\n\t\t\t\t<\/div>\n\t\t\t\t\t<\/div>\n\t\t<\/div>\n\t\t\t\t\t<\/div>\n\t\t<\/section>\n\t\t\t\t<\/div>\n\t\t<\/div>\n\t\t\t\t\t\t<\/div>\n\t\t\t\t<\/div>\n\t\t\t\t\t<\/div>\n\t\t<\/div>\n\t\t\t\t<div class=\"elementor-column elementor-col-50 elementor-top-column elementor-element elementor-element-1c631f8\" data-id=\"1c631f8\" data-element_type=\"column\">\n\t\t\t<div class=\"elementor-widget-wrap elementor-element-populated\">\n\t\t\t\t\t\t<div class=\"elementor-element elementor-element-9189ace elementor-widget elementor-widget-heading\" data-id=\"9189ace\" data-element_type=\"widget\" data-widget_type=\"heading.default\">\n\t\t\t\t<div class=\"elementor-widget-container\">\n\t\t\t\t\t<h1 class=\"elementor-heading-title elementor-size-default\">MAGAZINE SUBSCRIPTION TERMS FOR 2023.<\/h1>\t\t\t\t<\/div>\n\t\t\t\t<\/div>\n\t\t\t\t<div class=\"elementor-element elementor-element-7038fde elementor-widget elementor-widget-text-editor\" data-id=\"7038fde\" data-element_type=\"widget\" data-widget_type=\"text-editor.default\">\n\t\t\t\t<div class=\"elementor-widget-container\">\n\t\t\t\t\t\t\t\t\t<p><strong>Types of subscriptions:<\/strong><\/p>\n<ul>\n<li>Paper subscription<\/li>\n<li>Digital subscription<\/li>\n<li>PLUS bundled subscription includes hard copy, digital version + access to the archive on the Portal <a href=\"https:\/\/www.sigma-not.pl\/home.xhtml\">www.sigma-not.pl<\/a><\/li>\n<\/ul>\n<p><strong>Subscription prices in 2023:<\/strong><\/p>\n<ul>\n<li>Price of 1 copy 68 PLN (including 8% VAT),<\/li>\n<li>Annual paper subscription price 816 PLN + (including annual postage of 36 PLN),<\/li>\n<li>Digital annual subscription price 660 PLN,<\/li>\n<li>Price of the annual subscription in the PLUS package version (paper + digital + archive) \u2013 996 PLN<\/li>\n<\/ul>\n\t\t\t\t\t\t\t\t<\/div>\n\t\t\t\t<\/div>\n\t\t\t\t<div class=\"elementor-element elementor-element-b465418 elementor-widget elementor-widget-toggle\" data-id=\"b465418\" data-element_type=\"widget\" data-widget_type=\"toggle.default\">\n\t\t\t\t<div class=\"elementor-widget-container\">\n\t\t\t\t\t\t\t<div class=\"elementor-toggle\">\n\t\t\t\t\t\t\t<div class=\"elementor-toggle-item\">\n\t\t\t\t\t<div id=\"elementor-tab-title-1891\" class=\"elementor-tab-title\" data-tab=\"1\" role=\"button\" aria-controls=\"elementor-tab-content-1891\" aria-expanded=\"false\">\n\t\t\t\t\t\t\t\t\t\t\t\t<span class=\"elementor-toggle-icon elementor-toggle-icon-left\" aria-hidden=\"true\">\n\t\t\t\t\t\t\t\t\t\t\t\t\t\t\t<span class=\"elementor-toggle-icon-closed\"><i class=\"fas fa-caret-right\"><\/i><\/span>\n\t\t\t\t\t\t\t\t<span class=\"elementor-toggle-icon-opened\"><i class=\"elementor-toggle-icon-opened fas fa-caret-up\"><\/i><\/span>\n\t\t\t\t\t\t\t\t\t\t\t\t\t<\/span>\n\t\t\t\t\t\t\t\t\t\t\t\t<a class=\"elementor-toggle-title\" tabindex=\"0\">SUBSCRIPTION ORDER FORM<\/a>\n\t\t\t\t\t<\/div>\n\n\t\t\t\t\t<div id=\"elementor-tab-content-1891\" class=\"elementor-tab-content elementor-clearfix\" data-tab=\"1\" role=\"region\" aria-labelledby=\"elementor-tab-title-1891\"><p>\n<div class=\"wpcf7 no-js\" id=\"wpcf7-f1024-o1\" lang=\"pl-PL\" dir=\"ltr\" data-wpcf7-id=\"1024\">\n<div class=\"screen-reader-response\"><p role=\"status\" aria-live=\"polite\" aria-atomic=\"true\"><\/p> <ul><\/ul><\/div>\n<form action=\"\/en\/wp-json\/wp\/v2\/pages\/1405#wpcf7-f1024-o1\" method=\"post\" class=\"wpcf7-form init\" aria-label=\"Formularz kontaktowy\" novalidate=\"novalidate\" data-status=\"init\">\n<fieldset class=\"hidden-fields-container\"><input type=\"hidden\" name=\"_wpcf7\" value=\"1024\" \/><input type=\"hidden\" name=\"_wpcf7_version\" value=\"6.1.5\" \/><input type=\"hidden\" name=\"_wpcf7_locale\" value=\"pl_PL\" \/><input type=\"hidden\" name=\"_wpcf7_unit_tag\" value=\"wpcf7-f1024-o1\" \/><input type=\"hidden\" name=\"_wpcf7_container_post\" value=\"0\" \/><input type=\"hidden\" name=\"_wpcf7_posted_data_hash\" value=\"\" \/><input type=\"hidden\" name=\"_wpcf7_recaptcha_response\" value=\"\" \/>\n<\/fieldset>\n<p><label> Okres prenumeraty*<br \/>\n<span class=\"wpcf7-form-control-wrap\" data-name=\"prenumerata\"><select class=\"wpcf7-form-control wpcf7-select wpcf7-validates-as-required\" aria-required=\"true\" aria-invalid=\"false\" name=\"prenumerata\"><option value=\"od stycznia 2023\">od stycznia 2023<\/option><option value=\"od lutego 2023\">od lutego 2023<\/option><option value=\"od marca 2023\">od marca 2023<\/option><option value=\"od kwietnia 2023\">od kwietnia 2023<\/option><option value=\"od maja 2023\">od maja 2023<\/option><option value=\"od czerwca 2023\">od czerwca 2023<\/option><option value=\"od lipca 2023\">od lipca 2023<\/option><option value=\"od wrze\u015bnia 2023\">od wrze\u015bnia 2023<\/option><option value=\"od pa\u017adziernika 2023\">od pa\u017adziernika 2023<\/option><option value=\"od listopada 2023\">od listopada 2023<\/option><option value=\"od grudnia 2023\">od grudnia 2023<\/option><\/select><\/span> <\/label>\n<\/p>\n<p><label> Wariant*<br \/>\n<span class=\"wpcf7-form-control-wrap\" data-name=\"Wariant\"><select class=\"wpcf7-form-control wpcf7-select wpcf7-validates-as-required\" aria-required=\"true\" aria-invalid=\"false\" name=\"Wariant\"><option value=\"Papierowa 816,00 z\u0142\">Papierowa 816,00 z\u0142<\/option><option value=\"Cyfrowa 660,00 z\u0142\">Cyfrowa 660,00 z\u0142<\/option><option value=\"PLUS (papierowa i cyfrowa) + dost\u0119p do archiwum 996,00 z\u0142\">PLUS (papierowa i cyfrowa) + dost\u0119p do archiwum 996,00 z\u0142<\/option><\/select><\/span> <\/label>\n<\/p>\n<p><label><br \/>\n<span class=\"wpcf7-form-control-wrap\" data-name=\"liczba\"><input class=\"wpcf7-form-control wpcf7-number wpcf7-validates-as-required wpcf7-validates-as-number\" aria-required=\"true\" aria-invalid=\"false\" placeholder=\"Ilo\u015b\u0107 prenumerat*\" value=\"\" type=\"number\" name=\"liczba\" \/><\/span> <\/label>\n<\/p>\n<p><label><br \/>\n<span class=\"wpcf7-form-control-wrap\" data-name=\"firma\"><input size=\"40\" maxlength=\"400\" class=\"wpcf7-form-control wpcf7-text wpcf7-validates-as-required\" aria-required=\"true\" aria-invalid=\"false\" placeholder=\"Nazwa firmy*\" value=\"\" type=\"text\" name=\"firma\" \/><\/span> <\/label>\n<\/p>\n<p><label><br \/>\n<span class=\"wpcf7-form-control-wrap\" data-name=\"your-name\"><input size=\"40\" maxlength=\"400\" class=\"wpcf7-form-control wpcf7-text wpcf7-validates-as-required\" aria-required=\"true\" aria-invalid=\"false\" placeholder=\"Imi\u0119 i nazwisko*\" value=\"\" type=\"text\" name=\"your-name\" \/><\/span> <\/label>\n<\/p>\n<p><label><br \/>\n<span class=\"wpcf7-form-control-wrap\" data-name=\"your-email\"><input size=\"40\" maxlength=\"400\" class=\"wpcf7-form-control wpcf7-email wpcf7-validates-as-required wpcf7-text wpcf7-validates-as-email\" aria-required=\"true\" aria-invalid=\"false\" placeholder=\"Adres e-mail*\" value=\"\" type=\"email\" name=\"your-email\" \/><\/span> <\/label>\n<\/p>\n<p><label><br \/>\n<span class=\"wpcf7-form-control-wrap\" data-name=\"Ulica\"><input size=\"40\" maxlength=\"400\" class=\"wpcf7-form-control wpcf7-text wpcf7-validates-as-required\" aria-required=\"true\" aria-invalid=\"false\" placeholder=\"Ulica nr domu\/lokal*\" value=\"\" type=\"text\" name=\"Ulica\" \/><\/span> <\/label>\n<\/p>\n<p><label><br \/>\n<span class=\"wpcf7-form-control-wrap\" data-name=\"Kod\"><input size=\"40\" maxlength=\"400\" class=\"wpcf7-form-control wpcf7-text wpcf7-validates-as-required\" aria-required=\"true\" aria-invalid=\"false\" placeholder=\"Kod pocztowy*\" value=\"\" type=\"text\" name=\"Kod\" \/><\/span> <\/label>\n<\/p>\n<p><label><br \/>\n<span class=\"wpcf7-form-control-wrap\" data-name=\"miasto\"><input size=\"40\" maxlength=\"400\" class=\"wpcf7-form-control wpcf7-text wpcf7-validates-as-required\" aria-required=\"true\" aria-invalid=\"false\" placeholder=\"Miejscowo\u015b\u0107*\" value=\"\" type=\"text\" name=\"miasto\" \/><\/span> <\/label>\n<\/p>\n<p><label><br \/>\n<span class=\"wpcf7-form-control-wrap\" data-name=\"Tel\"><input size=\"40\" maxlength=\"400\" class=\"wpcf7-form-control wpcf7-text wpcf7-validates-as-required\" aria-required=\"true\" aria-invalid=\"false\" placeholder=\"Tel\/fax*\" value=\"\" type=\"text\" name=\"Tel\" \/><\/span> <\/label>\n<\/p>\n<p><label><br \/>\n<span class=\"wpcf7-form-control-wrap\" data-name=\"NIP\"><input size=\"40\" maxlength=\"400\" class=\"wpcf7-form-control wpcf7-text wpcf7-validates-as-required\" aria-required=\"true\" aria-invalid=\"false\" placeholder=\"NIP*\" value=\"\" type=\"text\" name=\"NIP\" \/><\/span> <\/label>\n<\/p>\n<p>Adres dostawy<br \/>\n<span class=\"wpcf7-form-control-wrap\" data-name=\"dostawa\"><span class=\"wpcf7-form-control wpcf7-checkbox wpcf7-exclusive-checkbox\"><span class=\"wpcf7-list-item first\"><label><input type=\"checkbox\" name=\"dostawa\" value=\"adres ten sam co w danych do faktury\" \/><span class=\"wpcf7-list-item-label\">adres ten sam co w danych do faktury<\/span><\/label><\/span><span class=\"wpcf7-list-item last\"><label><input type=\"checkbox\" name=\"dostawa\" value=\"inny adres\" \/><span class=\"wpcf7-list-item-label\">inny adres<\/span><\/label><\/span><\/span><\/span>\n<\/p>\n<p><label><br \/>\n<span class=\"wpcf7-form-control-wrap\" data-name=\"Ulica2\"><input size=\"40\" maxlength=\"400\" class=\"wpcf7-form-control wpcf7-text\" aria-invalid=\"false\" placeholder=\"Ulica nr domu\/lokal 2\" value=\"\" type=\"text\" name=\"Ulica2\" \/><\/span> <\/label>\n<\/p>\n<p><label><br \/>\n<span class=\"wpcf7-form-control-wrap\" data-name=\"Kod2\"><input size=\"40\" maxlength=\"400\" class=\"wpcf7-form-control wpcf7-text\" aria-invalid=\"false\" placeholder=\"Kod pocztowy 2\" value=\"\" type=\"text\" name=\"Kod2\" \/><\/span> <\/label>\n<\/p>\n<p><label><br \/>\n<span class=\"wpcf7-form-control-wrap\" data-name=\"miasto2\"><input size=\"40\" maxlength=\"400\" class=\"wpcf7-form-control wpcf7-text\" aria-invalid=\"false\" placeholder=\"Miejscowo\u015b\u0107 2\" value=\"\" type=\"text\" name=\"miasto2\" \/><\/span> <\/label>\n<\/p>\n<p><span class=\"wpcf7-form-control-wrap\" data-name=\"zgoda\"><span class=\"wpcf7-form-control wpcf7-acceptance\"><span class=\"wpcf7-list-item\"><label><input type=\"checkbox\" name=\"zgoda\" value=\"1\" aria-invalid=\"false\" \/><span class=\"wpcf7-list-item-label\">Zgodnie z art.6 ust.1 lit. a og\u00f3lnego rozporz\u0105dzenia o ochronie danych osobowych z dnia 27 kwietnia 2016 r. (Dz. Urz. UE L 119 z 04.05.2016) wyra\u017cam zgod\u0119 na przetwarzanie moich danych osobowych w celu wysy\u0142ki prenumeraty miesi\u0119cznika \u201ePrzegl\u0105d Gastronomiczny\u201d oraz oferty prenumeraty tego czasopisma.*<\/span><\/label><\/span><\/span><\/span>\n<\/p>\n<center>\n\t<p><input class=\"wpcf7-form-control wpcf7-submit has-spinner\" type=\"submit\" value=\"Wy\u015blij\" \/>\n\t<\/p>\n<\/center><div class=\"wpcf7-response-output\" aria-hidden=\"true\"><\/div>\n<\/form>\n<\/div>\n<\/p>\n<p>* Required.<\/p>\n<\/div>\n\t\t\t\t<\/div>\n\t\t\t\t\t\t\t\t<\/div>\n\t\t\t\t\t\t<\/div>\n\t\t\t\t<\/div>\n\t\t\t\t<div class=\"elementor-element elementor-element-4c4fd18 elementor-widget elementor-widget-text-editor\" data-id=\"4c4fd18\" data-element_type=\"widget\" data-widget_type=\"text-editor.default\">\n\t\t\t\t<div class=\"elementor-widget-container\">\n\t\t\t\t\t\t\t\t\t<p><strong>Subscriptions are also available:<\/strong><\/p>\n<p><i class=\"fa-solid fa-phone\"><\/i> By telephone: 22 840 30 86, 22 840 35 89,<br \/><i class=\"fa-solid fa-envelope\"><\/i> By e-mail: <a href=\"mailto:prenumerata@sigma-not.pl\">prenumerata@sigma-not.pl<\/a>, <a href=\"mailto:przemyslchemiczny@sigma-not.pl\">przemyslchemiczny@sigma-not.pl<\/a><\/p>\n<p><i class=\"fa-regular fa-envelope\"><\/i> By letter: Printing and distribution company SIGMA-NOT Ltd.<br \/>Street Ks. J. Popie\u0142uszki 19\/21<br \/>01-595 Warsaw<\/p>\n<p>by making a payment on account:<br \/>Wydawnictwo SIGMA-NOT Ltd.<br \/>Street 11 Ratuszowa Street,<br \/>03-450 Warsaw<br \/>Account BANK PEKAO BP <strong>24 1020 1026 0000 1002 0250 0577<\/strong><\/p>\n<p>The payment slip must legibly state the name of the magazine ordered, the number of copies ordered, the period, version and price of the subscription and the address of the ordering party.<\/p>\n<p>Individual archive notebooks are available on paper and, since 1986, electronically (net price l copy according to current price list). VAT invoices are available on request.<\/p>\n<p>An electronic version of articles available since 1986 can be purchased on the Technical Information Portal website <a href=\"https:\/\/www.sigma-not.pl\/home.xhtml\">www.sigma-not.pl<\/a>.<\/p>\n\t\t\t\t\t\t\t\t<\/div>\n\t\t\t\t<\/div>\n\t\t\t\t\t<\/div>\n\t\t<\/div>\n\t\t\t\t<div class=\"elementor-column elementor-col-25 elementor-top-column elementor-element elementor-element-99e5f7c\" data-id=\"99e5f7c\" data-element_type=\"column\">\n\t\t\t<div class=\"elementor-widget-wrap elementor-element-populated\">\n\t\t\t\t\t\t<div class=\"elementor-element elementor-element-77105b3 elementor-widget elementor-widget-shortcode\" data-id=\"77105b3\" data-element_type=\"widget\" data-widget_type=\"shortcode.default\">\n\t\t\t\t<div class=\"elementor-widget-container\">\n\t\t\t\t\t\t\t<div class=\"elementor-shortcode\">\t\t<div data-elementor-type=\"wp-post\" data-elementor-id=\"93\" class=\"elementor elementor-93\" data-elementor-post-type=\"ae_global_templates\">\n\t\t\t\t\t\t<section class=\"elementor-section elementor-top-section elementor-element elementor-element-846ea27 elementor-section-boxed elementor-section-height-default elementor-section-height-default\" data-id=\"846ea27\" data-element_type=\"section\">\n\t\t\t\t\t\t<div class=\"elementor-container elementor-column-gap-default\">\n\t\t\t\t\t<div class=\"elementor-column elementor-col-100 elementor-top-column elementor-element elementor-element-f069737\" data-id=\"f069737\" data-element_type=\"column\">\n\t\t\t<div class=\"elementor-widget-wrap\">\n\t\t\t\t\t\t\t<\/div>\n\t\t<\/div>\n\t\t\t\t\t<\/div>\n\t\t<\/section>\n\t\t\t\t<section class=\"elementor-section elementor-top-section elementor-element elementor-element-53857b1 elementor-section-boxed elementor-section-height-default elementor-section-height-default\" data-id=\"53857b1\" data-element_type=\"section\">\n\t\t\t\t\t\t<div class=\"elementor-container elementor-column-gap-no\">\n\t\t\t\t\t<div class=\"elementor-column elementor-col-100 elementor-top-column elementor-element elementor-element-82c2132\" data-id=\"82c2132\" data-element_type=\"column\">\n\t\t\t<div class=\"elementor-widget-wrap elementor-element-populated\">\n\t\t\t\t\t\t<div class=\"elementor-element elementor-element-7b267c7 elementor-widget elementor-widget-heading\" data-id=\"7b267c7\" data-element_type=\"widget\" data-widget_type=\"heading.default\">\n\t\t\t\t<div class=\"elementor-widget-container\">\n\t\t\t\t\t<h2 class=\"elementor-heading-title elementor-size-default\">Reklama<\/h2>\t\t\t\t<\/div>\n\t\t\t\t<\/div>\n\t\t\t\t<div class=\"elementor-element elementor-element-f54c3ea elementor-widget elementor-widget-image\" data-id=\"f54c3ea\" data-element_type=\"widget\" data-widget_type=\"image.default\">\n\t\t\t\t<div class=\"elementor-widget-container\">\n\t\t\t\t\t\t\t\t\t\t\t\t\t\t\t\t<a href=\"https:\/\/konferencja-przemyslchemiczny.pl\/\">\n\t\t\t\t\t\t\t<img decoding=\"async\" src=\"https:\/\/przemyslchemiczny.com\/wp-content\/uploads\/elementor\/thumbs\/konferencja_PCH_reklama-2026-rh7t1xz1wbvn1y2h9mq9k8iymkkx32fdjo4cfu0gfa.jpg\" title=\"konferencja_PCH_reklama 2026\" alt=\"konferencja_PCH_reklama 2026\" loading=\"lazy\" \/>\t\t\t\t\t\t\t\t<\/a>\n\t\t\t\t\t\t\t\t\t\t\t\t\t\t\t<\/div>\n\t\t\t\t<\/div>\n\t\t\t\t<div class=\"elementor-element elementor-element-1a392d7 elementor-widget elementor-widget-image\" data-id=\"1a392d7\" data-element_type=\"widget\" data-widget_type=\"image.default\">\n\t\t\t\t<div class=\"elementor-widget-container\">\n\t\t\t\t\t\t\t\t\t\t\t\t\t\t\t\t<a href=\"https:\/\/przemyslchemiczny.com\/prenumerata\/\">\n\t\t\t\t\t\t\t<img decoding=\"async\" src=\"https:\/\/przemyslchemiczny.com\/wp-content\/uploads\/elementor\/thumbs\/Prenumerata-2026_page-0001-scaled-rdq2wke83jf0utidgtoqnfbv7zw0hvgcuqc7vitemw.jpg\" title=\"Prenumerata 2026_page-0001\" alt=\"Prenumerata 2026 PCH\" loading=\"lazy\" \/>\t\t\t\t\t\t\t\t<\/a>\n\t\t\t\t\t\t\t\t\t\t\t\t\t\t\t<\/div>\n\t\t\t\t<\/div>\n\t\t\t\t\t<\/div>\n\t\t<\/div>\n\t\t\t\t\t<\/div>\n\t\t<\/section>\n\t\t\t\t<section class=\"elementor-section elementor-top-section elementor-element elementor-element-20a918f elementor-section-boxed elementor-section-height-default elementor-section-height-default\" data-id=\"20a918f\" data-element_type=\"section\">\n\t\t\t\t\t\t<div class=\"elementor-container elementor-column-gap-default\">\n\t\t\t\t\t<div class=\"elementor-column elementor-col-100 elementor-top-column elementor-element elementor-element-8814a83\" data-id=\"8814a83\" data-element_type=\"column\">\n\t\t\t<div class=\"elementor-widget-wrap elementor-element-populated\">\n\t\t\t\t\t\t\t<\/div>\n\t\t<\/div>\n\t\t\t\t\t<\/div>\n\t\t<\/section>\n\t\t\t\t<section class=\"elementor-section elementor-top-section elementor-element elementor-element-a02a0e5 elementor-section-boxed elementor-section-height-default elementor-section-height-default\" data-id=\"a02a0e5\" data-element_type=\"section\">\n\t\t\t\t\t\t<div class=\"elementor-container elementor-column-gap-default\">\n\t\t\t\t\t<div class=\"elementor-column elementor-col-100 elementor-top-column elementor-element elementor-element-2ab629e\" data-id=\"2ab629e\" data-element_type=\"column\">\n\t\t\t<div class=\"elementor-widget-wrap\">\n\t\t\t\t\t\t\t<\/div>\n\t\t<\/div>\n\t\t\t\t\t<\/div>\n\t\t<\/section>\n\t\t\t\t<\/div>\n\t\t<\/div>\n\t\t\t\t\t\t<\/div>\n\t\t\t\t<\/div>\n\t\t\t\t\t<\/div>\n\t\t<\/div>\n\t\t\t\t\t<\/div>\n\t\t<\/section>\n\t\t\t\t<\/div>\n\t\t","protected":false},"excerpt":{"rendered":"<p>MAGAZINE SUBSCRIPTION TERMS FOR 2023. Types of subscriptions: Paper subscription Digital subscription PLUS bundled subscription includes hard copy, digital version + access to the archive on the Portal www.sigma-not.pl Subscription prices in 2023: Price of 1 copy 68 PLN (including 8% VAT), Annual paper subscription price 816 PLN + (including annual postage of 36 PLN), [&hellip;]<\/p>\n","protected":false},"author":3,"featured_media":0,"parent":0,"menu_order":0,"comment_status":"closed","ping_status":"closed","template":"","meta":{"footnotes":""},"class_list":["post-1405","page","type-page","status-publish","hentry"],"_links":{"self":[{"href":"https:\/\/przemyslchemiczny.com\/en\/wp-json\/wp\/v2\/pages\/1405","targetHints":{"allow":["GET"]}}],"collection":[{"href":"https:\/\/przemyslchemiczny.com\/en\/wp-json\/wp\/v2\/pages"}],"about":[{"href":"https:\/\/przemyslchemiczny.com\/en\/wp-json\/wp\/v2\/types\/page"}],"author":[{"embeddable":true,"href":"https:\/\/przemyslchemiczny.com\/en\/wp-json\/wp\/v2\/users\/3"}],"replies":[{"embeddable":true,"href":"https:\/\/przemyslchemiczny.com\/en\/wp-json\/wp\/v2\/comments?post=1405"}],"version-history":[{"count":1,"href":"https:\/\/przemyslchemiczny.com\/en\/wp-json\/wp\/v2\/pages\/1405\/revisions"}],"predecessor-version":[{"id":1406,"href":"https:\/\/przemyslchemiczny.com\/en\/wp-json\/wp\/v2\/pages\/1405\/revisions\/1406"}],"wp:attachment":[{"href":"https:\/\/przemyslchemiczny.com\/en\/wp-json\/wp\/v2\/media?parent=1405"}],"curies":[{"name":"wp","href":"https:\/\/api.w.org\/{rel}","templated":true}]}}