{"id":1415,"date":"2023-02-12T17:25:57","date_gmt":"2023-02-12T16:25:57","guid":{"rendered":"http:\/\/przemyslchemiczny.com\/list-of-reviewers\/"},"modified":"2023-05-07T12:08:34","modified_gmt":"2023-05-07T10:08:34","slug":"list-of-reviewers","status":"publish","type":"page","link":"https:\/\/przemyslchemiczny.com\/en\/list-of-reviewers\/","title":{"rendered":"LIST OF REVIEWERS"},"content":{"rendered":"\t\t<div data-elementor-type=\"wp-page\" data-elementor-id=\"1415\" class=\"elementor elementor-1415 elementor-807\" data-elementor-post-type=\"page\">\n\t\t\t\t\t\t<section class=\"elementor-section elementor-top-section elementor-element elementor-element-6fa1a38 elementor-section-boxed elementor-section-height-default elementor-section-height-default\" data-id=\"6fa1a38\" data-element_type=\"section\">\n\t\t\t\t\t\t<div class=\"elementor-container elementor-column-gap-default\">\n\t\t\t\t\t<div class=\"elementor-column elementor-col-25 elementor-top-column elementor-element elementor-element-8c3a9a8\" data-id=\"8c3a9a8\" data-element_type=\"column\">\n\t\t\t<div class=\"elementor-widget-wrap elementor-element-populated\">\n\t\t\t\t\t\t<div class=\"elementor-element elementor-element-dcec0ac elementor-widget elementor-widget-image\" data-id=\"dcec0ac\" data-element_type=\"widget\" data-widget_type=\"image.default\">\n\t\t\t\t<div class=\"elementor-widget-container\">\n\t\t\t\t\t\t\t\t\t\t\t\t\t\t\t<img fetchpriority=\"high\" decoding=\"async\" width=\"469\" height=\"666\" src=\"https:\/\/przemyslchemiczny.com\/wp-content\/uploads\/2023\/01\/zespol_469x666px.webp\" class=\"attachment-full size-full wp-image-1051\" alt=\"\" srcset=\"https:\/\/przemyslchemiczny.com\/wp-content\/uploads\/2023\/01\/zespol_469x666px.webp 469w, https:\/\/przemyslchemiczny.com\/wp-content\/uploads\/2023\/01\/zespol_469x666px-211x300.webp 211w\" sizes=\"(max-width: 469px) 100vw, 469px\" \/>\t\t\t\t\t\t\t\t\t\t\t\t\t\t\t<\/div>\n\t\t\t\t<\/div>\n\t\t\t\t\t<\/div>\n\t\t<\/div>\n\t\t\t\t<div class=\"elementor-column elementor-col-50 elementor-top-column elementor-element elementor-element-1c631f8\" data-id=\"1c631f8\" data-element_type=\"column\">\n\t\t\t<div class=\"elementor-widget-wrap elementor-element-populated\">\n\t\t\t\t\t\t<div class=\"elementor-element elementor-element-9189ace elementor-widget elementor-widget-heading\" data-id=\"9189ace\" data-element_type=\"widget\" data-widget_type=\"heading.default\">\n\t\t\t\t<div class=\"elementor-widget-container\">\n\t\t\t\t\t<h1 class=\"elementor-heading-title elementor-size-default\"><i><\/i>List of reviewers <br>\"Przemys\u0142 CHEMICZNY\"\nfrom 12.2021 to 11.2022:<\/h1>\t\t\t\t<\/div>\n\t\t\t\t<\/div>\n\t\t\t\t<section class=\"elementor-section elementor-inner-section elementor-element elementor-element-3b611a4 elementor-section-boxed elementor-section-height-default elementor-section-height-default\" data-id=\"3b611a4\" data-element_type=\"section\">\n\t\t\t\t\t\t<div class=\"elementor-container elementor-column-gap-default\">\n\t\t\t\t\t<div class=\"elementor-column elementor-col-100 elementor-inner-column elementor-element elementor-element-643cdc5\" data-id=\"643cdc5\" data-element_type=\"column\">\n\t\t\t<div class=\"elementor-widget-wrap elementor-element-populated\">\n\t\t\t\t\t\t<div class=\"elementor-element elementor-element-473bf87 elementor-widget elementor-widget-text-editor\" data-id=\"473bf87\" data-element_type=\"widget\" data-widget_type=\"text-editor.default\">\n\t\t\t\t<div class=\"elementor-widget-container\">\n\t\t\t\t\t\t\t\t\t<ol>\n<li>Prof. PhD Eng. Joanna Karcz, West Pomeranian University of Technology in Szczecin<\/li>\n<li>Prof. PhD Eng. Zygmunt Kowalski, Institute of Mineral Raw Materials and Energy Management of the Polish Academy of Sciences, Krakow<\/li>\n<li>PhD Prof. PB Jolanta Piekut, Bialystok University of Technology<\/li>\n<li>Prof. PhD Eng. Aleksander Kolodziejczyk, Gdansk University of Technology<\/li>\n<li>Prof. PhD Eng. Pawel Kafarski, Wroclaw University of Technology<\/li>\n<li>PhD Eng. Jerzy Polaczek, Warsaw<\/li>\n<li>Prof. PhD Eng. Andrzej B\u0142\u0119dzki, West Pomeranian University of Technology in Szczecin<\/li>\n<li>Prof. PhD Krystyna Pawlas, Medical University of Silesian Piasts in Wroclaw<\/li>\n<li>Prof. PhD Eng. Grzegorz Grynkiewicz, Warsaw<\/li>\n<li>PhD Eng. Prof. PK Agnieszka Generowicz, Cracow University of Technology<\/li>\n<li>PhD Eng. Prof. PK Stanislaw Kuciel, Krakow University of Technology<\/li>\n<li>PhD Eng. Prof. PRz Andrzej P. Pacana, Rzeszow University of Technology<\/li>\n<li>Prof. PhD Eng. Robert Kupczynski, Wroclaw University of Environmental and Life Sciences<\/li>\n<li>Prof. PhD Eng. Jerzy Warych, Warsaw University of Technology<\/li>\n<li>PhD Eng. Prof. PWr Izabela Polowczyk, Wroclaw University of Technology<\/li>\n<li>Prof. PhD Eng. Joanna Szyszlak-Barglowicz, University of Life Sciences in Lublin<\/li>\n<li>PhD Eng. Prof. ZUT El\u017cbieta Piesowicz, West Pomeranian University of Technology in Szczecin<\/li>\n<li>Prof. PhD Eng. Andrzej \u015awi\u0105tkowski, Military University of Technology, Warsaw, Poland<\/li>\n<li>Prof. PhD Eng. Dariusz Ozimina, Kielce University of Technology,<\/li>\n<li>PhD Eng. Maciej Thomas, Cracow University of Technology<\/li>\n<li>Prof. PhD Zofia Spiak, Wroclaw University of Environmental and Life Sciences<\/li>\n<li>Prof. PhD Marek Kulazynski, Wroclaw University of Technology<\/li>\n<li>Prof. PhD Eng. Dawid Taler, Cracow University of Technology<\/li>\n<li>PhD Eng. Prof. P\u015al Ginter Nawrat, Silesian University of Technology in Gliwice<\/li>\n<li>PhD Prof. UP Ryszard Kulig, University of Life Sciences in Lublin<\/li>\n<li>PhD Eng. Katarzyna Pstrowska, Wroclaw University of Technology<\/li>\n<li>PhD Eng. Prof. ZUT Magdalena Cudak, West Pomeranian University of Technology in Szczecin<\/li>\n<li>PhD Prof. IGSMiE-PAN Marzena Smol, Institute of Mineral and Energy Economy, Polish Academy of Sciences, Krakow<\/li>\n<li>PhD Eng. Prof. UEWr Arkadiusz Piwowar, Wroclaw University of Economics<\/li>\n<li>PhD Prof. P\u0141 Rados\u0142aw Podsiad\u0142y, Lodz University of Technology<\/li>\n<li>Prof. PhD Barbara Gworek, Institute of Environmental Protection &#8211; National Research Institute, Warsaw, Poland<\/li>\n<li>PhD Eng. Prof. PIMOT Krzysztof Biernat, \u0141ukasiewicz Research Network &#8211; Industrial Institute of Automotive Engineering, Warsaw, Poland<\/li>\n<li>PhD Eng. Andrzej Biskupski, Wroclaw University of Technology<\/li>\n<li>PhD Eng. Prof. ITWL Andrzej Kulczycki, Air Force Institute of Technology, Warsaw, Poland<\/li>\n<li>Prof. PhD Eng. Janusz Zieli\u0144ski, Warsaw University of Technology Branch in Plock<\/li>\n<li>PhD Eng. Prof. UPWr Jacek Twardowski, Wroclaw University of Environmental and Life Sciences<\/li>\n<li>Prof. PhD Eng. Bogdan Szczygie\u0142, Wroclaw University of Technology<\/li>\n<li>PhD Karolina Sm\u0119tkiewicz, Pedagogical University KEN in Krakow<\/li>\n<li>Prof. PhD Eng. Jan Ogonowski, Cracow University of Technology<\/li>\n<li>PhD Eng. Prof. AGH Bogdan Kosturkiewicz, AGH in Krakow<\/li>\n<li>PhD Eng. Prof. AGH Marian Bana\u015b, AGH in Krakow<\/li>\n<li>PhD Prof. SGGW Ewelina Hallmann, Warsaw University of Life Sciences, Warsaw, Poland<\/li>\n<li>PhD Eng. Henryk Kania, Silesian University of Technology in Gliwice<\/li>\n<li>PhD Eng. Prof. PW Ma\u0142gorzata Petzel, Warsaw University of Technology Branch in Plock<\/li>\n<li>Dr. Piotr Wierzchowski, Institute of Organic Chemistry, Warsaw, Poland<\/li>\n<li>PhD Anna Siczek, Institute of Agrophysics named after him. Bohdan Dobrzanski PAN, Lublin<\/li>\n<li>PhD Eng. Prof. PK Agnieszka Sobczak-Kupiec, Cracow University of Technology<\/li>\n<li>PhD Urszula Jankiewicz, Warsaw University of Life Sciences, Poland<\/li>\n<li>Prof. PhD Eng. Anna M. Anielak, Cracow University of Technology<\/li>\n<li>PhD Marta Tutko, Jagiellonian University in Krakow<\/li>\n<li>PhD Stanislaw Kaczynski, State University of Information Technology and Entrepreneurship in Lomza<\/li>\n<li>PhD Eng. Justyna Kwa\u015bny, Cracow University of Technology<\/li>\n<li>PhD Eng. Prof. AGH Tadeusz Paj\u0105k, AGH in Krakow<\/li>\n<li>PhD Eng. Prof. AGH Jerzy Woloszyn, AGH in Krakow<\/li>\n<li>PhD Wojciech Balcerzak, Cracow University of Technology<\/li>\n<li>PhD Eng. Arkadiusz Kaminski, PKN Orlen SA, Plock<\/li>\n<li>PhD Eng. Malgorzata Wolska, Wroclaw University of Technology<\/li>\n<li>PhD Eng. Prof. ITPiE Slawomir Stelmach, Institute of Fuel and Energy Technology, Zabrze<\/li>\n<li>PhD Eng. Tomasz Fiszer, Krak\u00f3w<\/li>\n<li>MSc El\u017cbieta Trzaska, Oil and Gas Institute &#8211; National Research Institute, Krak\u00f3w<\/li>\n<li>PhD Eng. Tomasz Majchrzak, Gdansk University of Technology<\/li>\n<li>PhD Piotr Rusek &#8211; \u0141ukasiewicz Broadcasting Network &#8211; Institute of New Chemical Syntheses, Pu\u0142awy<\/li>\n<li>PhD Eng. Jacek Grams, Lodz University of Technology<\/li>\n<li>PhD Eng. Tomasz Zacharz, AGH Krakow<\/li>\n<li>PhD Eng. Prof. PK Tomasz Sobota, Cracow University of Technology<\/li>\n<li>Prof. PhD Pawe\u0142 Zastempowski, Nicolaus Copernicus University in Toru\u0144 <\/li>\n<li>PhD Robert Nowacki, Academy of Economics and Humanities in Warsaw<\/li>\n<li>Prof. PhD Eng. Sebastian Saniuk, University of Zielona Gora<\/li>\n<li>PhD Eng. Prof. PW Pawel Maksimowski, Warsaw University of Technology<\/li>\n<li>PhD Prof. PK El\u017cbieta Sikora, Cracow University of Technology<\/li>\n<li>PhD Eng. Andrzej Sikora, Institute for Energy Studies, Warsaw, Poland<\/li>\n<li>PhD Prof. U\u015aI Bo\u017cena \u0141osiewicz, University of Silesia in Katowice<\/li>\n<li>Prof. PhD  Eng. Lech Lobocki, Warsaw University of Technology<\/li>\n<li>PhD Eng. Prof. PP Jaroslaw Markowski, Poznan University of Technology<\/li>\n<li>Prof. PhD Eng. Janusz Datta, Gdansk University of Technology<\/li>\n<li>Prof. PhD Eng. Bogdan Kulig, Agricultural University of Cracow<\/li>\n<li>Prof. PhD Eng. Aleksander Prociak, Cracow University of Technology<\/li>\n<li>PhD Eng. Prof. PP Lukasz Klapiszewski, Poznan University of Technology<\/li>\n<\/ol>\n\t\t\t\t\t\t\t\t<\/div>\n\t\t\t\t<\/div>\n\t\t\t\t\t<\/div>\n\t\t<\/div>\n\t\t\t\t\t<\/div>\n\t\t<\/section>\n\t\t\t\t\t<\/div>\n\t\t<\/div>\n\t\t\t\t<div class=\"elementor-column elementor-col-25 elementor-top-column elementor-element elementor-element-99e5f7c\" data-id=\"99e5f7c\" data-element_type=\"column\">\n\t\t\t<div class=\"elementor-widget-wrap elementor-element-populated\">\n\t\t\t\t\t\t<div class=\"elementor-element elementor-element-77105b3 elementor-widget elementor-widget-shortcode\" data-id=\"77105b3\" data-element_type=\"widget\" data-widget_type=\"shortcode.default\">\n\t\t\t\t<div class=\"elementor-widget-container\">\n\t\t\t\t\t\t\t<div class=\"elementor-shortcode\">\t\t<div data-elementor-type=\"wp-post\" data-elementor-id=\"93\" class=\"elementor elementor-93\" data-elementor-post-type=\"ae_global_templates\">\n\t\t\t\t\t\t<section class=\"elementor-section elementor-top-section elementor-element elementor-element-846ea27 elementor-section-boxed elementor-section-height-default elementor-section-height-default\" data-id=\"846ea27\" data-element_type=\"section\">\n\t\t\t\t\t\t<div class=\"elementor-container elementor-column-gap-default\">\n\t\t\t\t\t<div class=\"elementor-column elementor-col-100 elementor-top-column elementor-element elementor-element-f069737\" data-id=\"f069737\" data-element_type=\"column\">\n\t\t\t<div class=\"elementor-widget-wrap\">\n\t\t\t\t\t\t\t<\/div>\n\t\t<\/div>\n\t\t\t\t\t<\/div>\n\t\t<\/section>\n\t\t\t\t<section class=\"elementor-section elementor-top-section elementor-element elementor-element-53857b1 elementor-section-boxed elementor-section-height-default elementor-section-height-default\" data-id=\"53857b1\" data-element_type=\"section\">\n\t\t\t\t\t\t<div class=\"elementor-container elementor-column-gap-no\">\n\t\t\t\t\t<div class=\"elementor-column elementor-col-100 elementor-top-column elementor-element elementor-element-82c2132\" data-id=\"82c2132\" data-element_type=\"column\">\n\t\t\t<div class=\"elementor-widget-wrap elementor-element-populated\">\n\t\t\t\t\t\t<div class=\"elementor-element elementor-element-7b267c7 elementor-widget elementor-widget-heading\" data-id=\"7b267c7\" data-element_type=\"widget\" data-widget_type=\"heading.default\">\n\t\t\t\t<div class=\"elementor-widget-container\">\n\t\t\t\t\t<h2 class=\"elementor-heading-title elementor-size-default\">Reklama<\/h2>\t\t\t\t<\/div>\n\t\t\t\t<\/div>\n\t\t\t\t<div class=\"elementor-element elementor-element-f54c3ea elementor-widget elementor-widget-image\" data-id=\"f54c3ea\" data-element_type=\"widget\" data-widget_type=\"image.default\">\n\t\t\t\t<div class=\"elementor-widget-container\">\n\t\t\t\t\t\t\t\t\t\t\t\t\t\t\t\t<a href=\"https:\/\/konferencja-przemyslchemiczny.pl\/\">\n\t\t\t\t\t\t\t<img decoding=\"async\" src=\"https:\/\/przemyslchemiczny.com\/wp-content\/uploads\/elementor\/thumbs\/konferencja_PCH_reklama-2026-rh7t1xz1wbvn1y2h9mq9k8iymkkx32fdjo4cfu0gfa.jpg\" title=\"konferencja_PCH_reklama 2026\" alt=\"konferencja_PCH_reklama 2026\" loading=\"lazy\" \/>\t\t\t\t\t\t\t\t<\/a>\n\t\t\t\t\t\t\t\t\t\t\t\t\t\t\t<\/div>\n\t\t\t\t<\/div>\n\t\t\t\t<div class=\"elementor-element elementor-element-1a392d7 elementor-widget elementor-widget-image\" data-id=\"1a392d7\" data-element_type=\"widget\" data-widget_type=\"image.default\">\n\t\t\t\t<div class=\"elementor-widget-container\">\n\t\t\t\t\t\t\t\t\t\t\t\t\t\t\t\t<a href=\"https:\/\/przemyslchemiczny.com\/prenumerata\/\">\n\t\t\t\t\t\t\t<img decoding=\"async\" src=\"https:\/\/przemyslchemiczny.com\/wp-content\/uploads\/elementor\/thumbs\/Prenumerata-2026_page-0001-scaled-rdq2wke83jf0utidgtoqnfbv7zw0hvgcuqc7vitemw.jpg\" title=\"Prenumerata 2026_page-0001\" alt=\"Prenumerata 2026 PCH\" loading=\"lazy\" \/>\t\t\t\t\t\t\t\t<\/a>\n\t\t\t\t\t\t\t\t\t\t\t\t\t\t\t<\/div>\n\t\t\t\t<\/div>\n\t\t\t\t\t<\/div>\n\t\t<\/div>\n\t\t\t\t\t<\/div>\n\t\t<\/section>\n\t\t\t\t<section class=\"elementor-section elementor-top-section elementor-element elementor-element-20a918f elementor-section-boxed elementor-section-height-default elementor-section-height-default\" data-id=\"20a918f\" data-element_type=\"section\">\n\t\t\t\t\t\t<div class=\"elementor-container elementor-column-gap-default\">\n\t\t\t\t\t<div class=\"elementor-column elementor-col-100 elementor-top-column elementor-element elementor-element-8814a83\" data-id=\"8814a83\" data-element_type=\"column\">\n\t\t\t<div class=\"elementor-widget-wrap elementor-element-populated\">\n\t\t\t\t\t\t\t<\/div>\n\t\t<\/div>\n\t\t\t\t\t<\/div>\n\t\t<\/section>\n\t\t\t\t<section class=\"elementor-section elementor-top-section elementor-element elementor-element-a02a0e5 elementor-section-boxed elementor-section-height-default elementor-section-height-default\" data-id=\"a02a0e5\" data-element_type=\"section\">\n\t\t\t\t\t\t<div class=\"elementor-container elementor-column-gap-default\">\n\t\t\t\t\t<div class=\"elementor-column elementor-col-100 elementor-top-column elementor-element elementor-element-2ab629e\" data-id=\"2ab629e\" data-element_type=\"column\">\n\t\t\t<div class=\"elementor-widget-wrap\">\n\t\t\t\t\t\t\t<\/div>\n\t\t<\/div>\n\t\t\t\t\t<\/div>\n\t\t<\/section>\n\t\t\t\t<\/div>\n\t\t<\/div>\n\t\t\t\t\t\t<\/div>\n\t\t\t\t<\/div>\n\t\t\t\t\t<\/div>\n\t\t<\/div>\n\t\t\t\t\t<\/div>\n\t\t<\/section>\n\t\t\t\t<\/div>\n\t\t","protected":false},"excerpt":{"rendered":"<p>List of reviewers &#8220;Przemys\u0142 CHEMICZNY&#8221; from 12.2021 to 11.2022: Prof. PhD Eng. Joanna Karcz, West Pomeranian University of Technology in Szczecin Prof. PhD Eng. Zygmunt Kowalski, Institute of Mineral Raw Materials and Energy Management of the Polish Academy of Sciences, Krakow PhD Prof. PB Jolanta Piekut, Bialystok University of Technology Prof. PhD Eng. Aleksander Kolodziejczyk, [&hellip;]<\/p>\n","protected":false},"author":3,"featured_media":0,"parent":0,"menu_order":0,"comment_status":"closed","ping_status":"closed","template":"","meta":{"footnotes":""},"class_list":["post-1415","page","type-page","status-publish","hentry"],"_links":{"self":[{"href":"https:\/\/przemyslchemiczny.com\/en\/wp-json\/wp\/v2\/pages\/1415","targetHints":{"allow":["GET"]}}],"collection":[{"href":"https:\/\/przemyslchemiczny.com\/en\/wp-json\/wp\/v2\/pages"}],"about":[{"href":"https:\/\/przemyslchemiczny.com\/en\/wp-json\/wp\/v2\/types\/page"}],"author":[{"embeddable":true,"href":"https:\/\/przemyslchemiczny.com\/en\/wp-json\/wp\/v2\/users\/3"}],"replies":[{"embeddable":true,"href":"https:\/\/przemyslchemiczny.com\/en\/wp-json\/wp\/v2\/comments?post=1415"}],"version-history":[{"count":1,"href":"https:\/\/przemyslchemiczny.com\/en\/wp-json\/wp\/v2\/pages\/1415\/revisions"}],"predecessor-version":[{"id":1416,"href":"https:\/\/przemyslchemiczny.com\/en\/wp-json\/wp\/v2\/pages\/1415\/revisions\/1416"}],"wp:attachment":[{"href":"https:\/\/przemyslchemiczny.com\/en\/wp-json\/wp\/v2\/media?parent=1415"}],"curies":[{"name":"wp","href":"https:\/\/api.w.org\/{rel}","templated":true}]}}