{"id":1424,"date":"2023-01-28T18:41:16","date_gmt":"2023-01-28T17:41:16","guid":{"rendered":"http:\/\/przemyslchemiczny.com\/editorial\/"},"modified":"2023-05-07T12:29:06","modified_gmt":"2023-05-07T10:29:06","slug":"editorial","status":"publish","type":"page","link":"https:\/\/przemyslchemiczny.com\/en\/editorial\/","title":{"rendered":"Editorial"},"content":{"rendered":"\t\t<div data-elementor-type=\"wp-page\" data-elementor-id=\"1424\" class=\"elementor elementor-1424 elementor-219\" data-elementor-post-type=\"page\">\n\t\t\t\t\t\t<section class=\"elementor-section elementor-top-section elementor-element elementor-element-6fa1a38 elementor-section-boxed elementor-section-height-default elementor-section-height-default\" data-id=\"6fa1a38\" data-element_type=\"section\">\n\t\t\t\t\t\t<div class=\"elementor-container elementor-column-gap-default\">\n\t\t\t\t\t<div class=\"elementor-column elementor-col-50 elementor-top-column elementor-element elementor-element-1c631f8\" data-id=\"1c631f8\" data-element_type=\"column\">\n\t\t\t<div class=\"elementor-widget-wrap elementor-element-populated\">\n\t\t\t\t\t\t<div class=\"elementor-element elementor-element-9189ace elementor-widget elementor-widget-heading\" data-id=\"9189ace\" data-element_type=\"widget\" data-widget_type=\"heading.default\">\n\t\t\t\t<div class=\"elementor-widget-container\">\n\t\t\t\t\t<h1 class=\"elementor-heading-title elementor-size-default\">Editorial<\/h1>\t\t\t\t<\/div>\n\t\t\t\t<\/div>\n\t\t\t\t<section class=\"elementor-section elementor-inner-section elementor-element elementor-element-6eb8cf3 elementor-section-boxed elementor-section-height-default elementor-section-height-default\" data-id=\"6eb8cf3\" data-element_type=\"section\">\n\t\t\t\t\t\t<div class=\"elementor-container elementor-column-gap-default\">\n\t\t\t\t\t<div class=\"elementor-column elementor-col-50 elementor-inner-column elementor-element elementor-element-3df075a\" data-id=\"3df075a\" data-element_type=\"column\">\n\t\t\t<div class=\"elementor-widget-wrap elementor-element-populated\">\n\t\t\t\t\t\t<div class=\"elementor-element elementor-element-1399292 elementor-widget elementor-widget-text-editor\" data-id=\"1399292\" data-element_type=\"widget\" data-widget_type=\"text-editor.default\">\n\t\t\t\t<div class=\"elementor-widget-container\">\n\t\t\t\t\t\t\t\t\t<p><strong>The Editorial Office of \u201ePRZEMYS\u0141 CHEMICZNY\u201d journal<\/strong><br \/>Street 11 Ratuszowa<\/p>\n<p>03-450 Warsaw<\/p>\n<p><i class=\"fa-solid fa-phone\"><\/i>  (22) 818 51 71<br \/><i class=\"fa-solid fa-envelope\"><\/i> <a href=\"mailto:przemyslchemiczny@sigma-not.pl\">przemyslchemiczny@sigma-not.pl<\/a><br \/><i class=\"fa-solid fa-globe\"><\/i> <a href=\"https:\/\/przemyslchemiczny.com\/\">przemyslchemiczny.com<\/a><\/p>\n<p><strong>Editor-in-Chief<\/strong><\/p>\n<p>Jerzy Klimczak<br \/><i class=\"fa-solid fa-envelope\"><\/i> <a href=\"mailto:j.klimczak@sigma-not.pl\">j.klimczak@sigma-not.pl<\/a><\/p>\n<p><strong>The Editorial Office Secretary<\/strong><\/p>\n<p>Anna Skurzewska<br \/><i class=\"fa-solid fa-envelope\"><\/i> <a href=\"mailto:anna.skurzewska@sigma-not.pl\">anna.skurzewska@sigma-not.pl<\/a><\/p>\n\t\t\t\t\t\t\t\t<\/div>\n\t\t\t\t<\/div>\n\t\t\t\t\t<\/div>\n\t\t<\/div>\n\t\t\t\t<div class=\"elementor-column elementor-col-50 elementor-inner-column elementor-element elementor-element-3e13d80\" data-id=\"3e13d80\" data-element_type=\"column\">\n\t\t\t<div class=\"elementor-widget-wrap elementor-element-populated\">\n\t\t\t\t\t\t<div class=\"elementor-element elementor-element-49c0579 elementor-widget elementor-widget-text-editor\" data-id=\"49c0579\" data-element_type=\"widget\" data-widget_type=\"text-editor.default\">\n\t\t\t\t<div class=\"elementor-widget-container\">\n\t\t\t\t\t\t\t\t\t<p><i class=\"fa-solid fa-pen\"><\/i> <strong>Editors:<\/strong><br>\nAnna Skurzewska<br>\nJerzy Polaczek<br>\nTeresa Kowalczyk<br>\nMa\u0142gorzata Jamr\u00f3z<\/p>\n<p><i class=\"fa-solid fa-pen\"><\/i> <strong>Department editors:<\/strong><br>\nAnna M. Anielak<br>\nKrzysztof Biernat<br>\nAndrzej Czerwi\u0144ski<br>\nAndrzej B\u0142\u0119dzki<br>\nAleksander Ko\u0142odziejczyk<br>\nJerzy Polaczek<br>\nWioletta Rar\u00f3g-Pilecka<br>\nAndrzej \u015awi\u0105tkowski<br>\nPiotr Wierzchowski<br>\nJerzy Warych<\/p>\t\t\t\t\t\t\t\t<\/div>\n\t\t\t\t<\/div>\n\t\t\t\t\t<\/div>\n\t\t<\/div>\n\t\t\t\t\t<\/div>\n\t\t<\/section>\n\t\t\t\t\t<\/div>\n\t\t<\/div>\n\t\t\t\t<div class=\"elementor-column elementor-col-50 elementor-top-column elementor-element elementor-element-99e5f7c\" data-id=\"99e5f7c\" data-element_type=\"column\">\n\t\t\t<div class=\"elementor-widget-wrap elementor-element-populated\">\n\t\t\t\t\t\t<div class=\"elementor-element elementor-element-77105b3 elementor-widget elementor-widget-shortcode\" data-id=\"77105b3\" data-element_type=\"widget\" data-widget_type=\"shortcode.default\">\n\t\t\t\t<div class=\"elementor-widget-container\">\n\t\t\t\t\t\t\t<div class=\"elementor-shortcode\">\t\t<div data-elementor-type=\"wp-post\" data-elementor-id=\"93\" class=\"elementor elementor-93\" data-elementor-post-type=\"ae_global_templates\">\n\t\t\t\t\t\t<section class=\"elementor-section elementor-top-section elementor-element elementor-element-846ea27 elementor-section-boxed elementor-section-height-default elementor-section-height-default\" data-id=\"846ea27\" data-element_type=\"section\">\n\t\t\t\t\t\t<div class=\"elementor-container elementor-column-gap-default\">\n\t\t\t\t\t<div class=\"elementor-column elementor-col-100 elementor-top-column elementor-element elementor-element-f069737\" data-id=\"f069737\" data-element_type=\"column\">\n\t\t\t<div class=\"elementor-widget-wrap\">\n\t\t\t\t\t\t\t<\/div>\n\t\t<\/div>\n\t\t\t\t\t<\/div>\n\t\t<\/section>\n\t\t\t\t<section class=\"elementor-section elementor-top-section elementor-element elementor-element-53857b1 elementor-section-boxed elementor-section-height-default elementor-section-height-default\" data-id=\"53857b1\" data-element_type=\"section\">\n\t\t\t\t\t\t<div class=\"elementor-container elementor-column-gap-no\">\n\t\t\t\t\t<div class=\"elementor-column elementor-col-100 elementor-top-column elementor-element elementor-element-82c2132\" data-id=\"82c2132\" data-element_type=\"column\">\n\t\t\t<div class=\"elementor-widget-wrap elementor-element-populated\">\n\t\t\t\t\t\t<div class=\"elementor-element elementor-element-7b267c7 elementor-widget elementor-widget-heading\" data-id=\"7b267c7\" data-element_type=\"widget\" data-widget_type=\"heading.default\">\n\t\t\t\t<div class=\"elementor-widget-container\">\n\t\t\t\t\t<h2 class=\"elementor-heading-title elementor-size-default\">Reklama<\/h2>\t\t\t\t<\/div>\n\t\t\t\t<\/div>\n\t\t\t\t<div class=\"elementor-element elementor-element-f54c3ea elementor-widget elementor-widget-image\" data-id=\"f54c3ea\" data-element_type=\"widget\" data-widget_type=\"image.default\">\n\t\t\t\t<div class=\"elementor-widget-container\">\n\t\t\t\t\t\t\t\t\t\t\t\t\t\t\t\t<a href=\"https:\/\/konferencja-przemyslchemiczny.pl\/\">\n\t\t\t\t\t\t\t<img decoding=\"async\" src=\"https:\/\/przemyslchemiczny.com\/wp-content\/uploads\/elementor\/thumbs\/konferencja_PCH_reklama-2026-rh7t1xz1wbvn1y2h9mq9k8iymkkx32fdjo4cfu0gfa.jpg\" title=\"konferencja_PCH_reklama 2026\" alt=\"konferencja_PCH_reklama 2026\" loading=\"lazy\" \/>\t\t\t\t\t\t\t\t<\/a>\n\t\t\t\t\t\t\t\t\t\t\t\t\t\t\t<\/div>\n\t\t\t\t<\/div>\n\t\t\t\t<div class=\"elementor-element elementor-element-1a392d7 elementor-widget elementor-widget-image\" data-id=\"1a392d7\" data-element_type=\"widget\" data-widget_type=\"image.default\">\n\t\t\t\t<div class=\"elementor-widget-container\">\n\t\t\t\t\t\t\t\t\t\t\t\t\t\t\t\t<a href=\"https:\/\/przemyslchemiczny.com\/prenumerata\/\">\n\t\t\t\t\t\t\t<img decoding=\"async\" src=\"https:\/\/przemyslchemiczny.com\/wp-content\/uploads\/elementor\/thumbs\/Prenumerata-2026_page-0001-scaled-rdq2wke83jf0utidgtoqnfbv7zw0hvgcuqc7vitemw.jpg\" title=\"Prenumerata 2026_page-0001\" alt=\"Prenumerata 2026 PCH\" loading=\"lazy\" \/>\t\t\t\t\t\t\t\t<\/a>\n\t\t\t\t\t\t\t\t\t\t\t\t\t\t\t<\/div>\n\t\t\t\t<\/div>\n\t\t\t\t\t<\/div>\n\t\t<\/div>\n\t\t\t\t\t<\/div>\n\t\t<\/section>\n\t\t\t\t<section class=\"elementor-section elementor-top-section elementor-element elementor-element-20a918f elementor-section-boxed elementor-section-height-default elementor-section-height-default\" data-id=\"20a918f\" data-element_type=\"section\">\n\t\t\t\t\t\t<div class=\"elementor-container elementor-column-gap-default\">\n\t\t\t\t\t<div class=\"elementor-column elementor-col-100 elementor-top-column elementor-element elementor-element-8814a83\" data-id=\"8814a83\" data-element_type=\"column\">\n\t\t\t<div class=\"elementor-widget-wrap elementor-element-populated\">\n\t\t\t\t\t\t\t<\/div>\n\t\t<\/div>\n\t\t\t\t\t<\/div>\n\t\t<\/section>\n\t\t\t\t<section class=\"elementor-section elementor-top-section elementor-element elementor-element-a02a0e5 elementor-section-boxed elementor-section-height-default elementor-section-height-default\" data-id=\"a02a0e5\" data-element_type=\"section\">\n\t\t\t\t\t\t<div class=\"elementor-container elementor-column-gap-default\">\n\t\t\t\t\t<div class=\"elementor-column elementor-col-100 elementor-top-column elementor-element elementor-element-2ab629e\" data-id=\"2ab629e\" data-element_type=\"column\">\n\t\t\t<div class=\"elementor-widget-wrap\">\n\t\t\t\t\t\t\t<\/div>\n\t\t<\/div>\n\t\t\t\t\t<\/div>\n\t\t<\/section>\n\t\t\t\t<\/div>\n\t\t<\/div>\n\t\t\t\t\t\t<\/div>\n\t\t\t\t<\/div>\n\t\t\t\t\t<\/div>\n\t\t<\/div>\n\t\t\t\t\t<\/div>\n\t\t<\/section>\n\t\t\t\t<\/div>\n\t\t","protected":false},"excerpt":{"rendered":"<p>Editorial The Editorial Office of \u201ePRZEMYS\u0141 CHEMICZNY\u201d journalStreet 11 Ratuszowa 03-450 Warsaw (22) 818 51 71 przemyslchemiczny@sigma-not.pl przemyslchemiczny.com Editor-in-Chief Jerzy Klimczak j.klimczak@sigma-not.pl The Editorial Office Secretary Anna Skurzewska anna.skurzewska@sigma-not.pl Editors: Anna Skurzewska Jerzy Polaczek Teresa Kowalczyk Ma\u0142gorzata Jamr\u00f3z Department editors: Anna M. Anielak Krzysztof Biernat Andrzej Czerwi\u0144ski Andrzej B\u0142\u0119dzki Aleksander Ko\u0142odziejczyk Jerzy Polaczek Wioletta Rar\u00f3g-Pilecka [&hellip;]<\/p>\n","protected":false},"author":3,"featured_media":0,"parent":0,"menu_order":0,"comment_status":"closed","ping_status":"closed","template":"","meta":{"footnotes":""},"class_list":["post-1424","page","type-page","status-publish","hentry"],"_links":{"self":[{"href":"https:\/\/przemyslchemiczny.com\/en\/wp-json\/wp\/v2\/pages\/1424","targetHints":{"allow":["GET"]}}],"collection":[{"href":"https:\/\/przemyslchemiczny.com\/en\/wp-json\/wp\/v2\/pages"}],"about":[{"href":"https:\/\/przemyslchemiczny.com\/en\/wp-json\/wp\/v2\/types\/page"}],"author":[{"embeddable":true,"href":"https:\/\/przemyslchemiczny.com\/en\/wp-json\/wp\/v2\/users\/3"}],"replies":[{"embeddable":true,"href":"https:\/\/przemyslchemiczny.com\/en\/wp-json\/wp\/v2\/comments?post=1424"}],"version-history":[{"count":1,"href":"https:\/\/przemyslchemiczny.com\/en\/wp-json\/wp\/v2\/pages\/1424\/revisions"}],"predecessor-version":[{"id":1425,"href":"https:\/\/przemyslchemiczny.com\/en\/wp-json\/wp\/v2\/pages\/1424\/revisions\/1425"}],"wp:attachment":[{"href":"https:\/\/przemyslchemiczny.com\/en\/wp-json\/wp\/v2\/media?parent=1424"}],"curies":[{"name":"wp","href":"https:\/\/api.w.org\/{rel}","templated":true}]}}