{"id":1426,"date":"2023-01-28T19:53:47","date_gmt":"2023-01-28T18:53:47","guid":{"rendered":"http:\/\/przemyslchemiczny.com\/program-council\/"},"modified":"2023-05-07T12:34:12","modified_gmt":"2023-05-07T10:34:12","slug":"program-council","status":"publish","type":"page","link":"https:\/\/przemyslchemiczny.com\/en\/program-council\/","title":{"rendered":"Program Council"},"content":{"rendered":"\t\t<div data-elementor-type=\"wp-page\" data-elementor-id=\"1426\" class=\"elementor elementor-1426 elementor-248\" data-elementor-post-type=\"page\">\n\t\t\t\t\t\t<section class=\"elementor-section elementor-top-section elementor-element elementor-element-6fa1a38 elementor-section-boxed elementor-section-height-default elementor-section-height-default\" data-id=\"6fa1a38\" data-element_type=\"section\">\n\t\t\t\t\t\t<div class=\"elementor-container elementor-column-gap-default\">\n\t\t\t\t\t<div class=\"elementor-column elementor-col-25 elementor-top-column elementor-element elementor-element-8c3a9a8\" data-id=\"8c3a9a8\" data-element_type=\"column\">\n\t\t\t<div class=\"elementor-widget-wrap elementor-element-populated\">\n\t\t\t\t\t\t<div class=\"elementor-element elementor-element-dcec0ac elementor-widget elementor-widget-image\" data-id=\"dcec0ac\" data-element_type=\"widget\" data-widget_type=\"image.default\">\n\t\t\t\t<div class=\"elementor-widget-container\">\n\t\t\t\t\t\t\t\t\t\t\t\t\t\t\t<img fetchpriority=\"high\" decoding=\"async\" width=\"469\" height=\"666\" src=\"https:\/\/przemyslchemiczny.com\/wp-content\/uploads\/2023\/01\/okulary_469x666px.webp\" class=\"attachment-full size-full wp-image-1052\" alt=\"\" srcset=\"https:\/\/przemyslchemiczny.com\/wp-content\/uploads\/2023\/01\/okulary_469x666px.webp 469w, https:\/\/przemyslchemiczny.com\/wp-content\/uploads\/2023\/01\/okulary_469x666px-211x300.webp 211w\" sizes=\"(max-width: 469px) 100vw, 469px\" \/>\t\t\t\t\t\t\t\t\t\t\t\t\t\t\t<\/div>\n\t\t\t\t<\/div>\n\t\t\t\t\t<\/div>\n\t\t<\/div>\n\t\t\t\t<div class=\"elementor-column elementor-col-50 elementor-top-column elementor-element elementor-element-1c631f8\" data-id=\"1c631f8\" data-element_type=\"column\">\n\t\t\t<div class=\"elementor-widget-wrap elementor-element-populated\">\n\t\t\t\t\t\t<div class=\"elementor-element elementor-element-9189ace elementor-widget elementor-widget-heading\" data-id=\"9189ace\" data-element_type=\"widget\" data-widget_type=\"heading.default\">\n\t\t\t\t<div class=\"elementor-widget-container\">\n\t\t\t\t\t<h1 class=\"elementor-heading-title elementor-size-default\">Program Council<\/h1>\t\t\t\t<\/div>\n\t\t\t\t<\/div>\n\t\t\t\t<section class=\"elementor-section elementor-inner-section elementor-element elementor-element-3b611a4 elementor-section-boxed elementor-section-height-default elementor-section-height-default\" data-id=\"3b611a4\" data-element_type=\"section\">\n\t\t\t\t\t\t<div class=\"elementor-container elementor-column-gap-default\">\n\t\t\t\t\t<div class=\"elementor-column elementor-col-50 elementor-inner-column elementor-element elementor-element-9f4c86e\" data-id=\"9f4c86e\" data-element_type=\"column\">\n\t\t\t<div class=\"elementor-widget-wrap elementor-element-populated\">\n\t\t\t\t\t\t<div class=\"elementor-element elementor-element-9342a74 elementor-widget elementor-widget-text-editor\" data-id=\"9342a74\" data-element_type=\"widget\" data-widget_type=\"text-editor.default\">\n\t\t\t\t<div class=\"elementor-widget-container\">\n\t\t\t\t\t\t\t\t\t<h4>Council President:<\/h4>\nProf. PhD  Bogus\u0142aw Buszewski<br><br>\n<h4>Vice President of the Council:<\/h4>\nProf. PhD  Robert Pietrzak<br><br>\n<h4>Secretary:<\/h4>\nPhD Eng. Arkadiusz Kami\u0144ski\t\t\t\t\t\t\t\t<\/div>\n\t\t\t\t<\/div>\n\t\t\t\t\t<\/div>\n\t\t<\/div>\n\t\t\t\t<div class=\"elementor-column elementor-col-50 elementor-inner-column elementor-element elementor-element-643cdc5\" data-id=\"643cdc5\" data-element_type=\"column\">\n\t\t\t<div class=\"elementor-widget-wrap elementor-element-populated\">\n\t\t\t\t\t\t<div class=\"elementor-element elementor-element-473bf87 elementor-widget elementor-widget-text-editor\" data-id=\"473bf87\" data-element_type=\"widget\" data-widget_type=\"text-editor.default\">\n\t\t\t\t<div class=\"elementor-widget-container\">\n\t\t\t\t\t\t\t\t\t<p><strong>Full composition of the Program Council<\/strong><\/p>\n<p>Prof. PhD  Eng. Dariusz Bogda\u0142<\/p>\n<p>Prof. PhD  Boguslaw Buszewski (Chairman of the Council)<\/p>\n<p>Prof. PhD  Eng. Anna Chrobok<\/p>\n<p>Prof. PhD  Eng. Krystyna Czaja<\/p>\n<p>Prof. PhD  Eng. Janusz Datta<\/p>\n<p>PhD Boles\u0142aw Goranczewski, <span style=\"font-size: 1rem;\">Prof. UO<\/span><span style=\"font-size: 1rem;\"> <\/span><\/p>\n<p>Prof. PhD  Eng. Janusz Igras<\/p>\n<p>Prof. PhD  Eng. Teofil Jesionowski<\/p>\n<p>Prof. PhD  Eng. Janusz Jurczak<\/p>\n<p>PhD Eng. Arkadiusz Kami\u0144ski <\/p>\n<p>(Council Secretary) <\/p>\n<p><span style=\"font-size: 1rem;\">PhD Grzegorz K\u0105dzielawski<\/span><\/p>\n<p>Prof. PhD Izabela Nowak<\/p>\n<p>MSc Zbigniew Paprocki<\/p>\n<p>Prof. PhD Robert Pietrzak (Vice Chairman of the Council)<\/p>\n<p>Prof. PhD Eng. Wioletta Rar\u00f3g-Pilecka<\/p>\n<p>Prof. PhD Eng. Ma\u0142gorzata I. Szynkowska-J\u00f3\u017awik<\/p>\n<p>PhD Eng. Adam Tarniowy<\/p>\n<p> Prof. PhD Eng. Tomasz Wasilewski<\/p>\n<p>Prof. PhD Eng. Zbigniew Wzorek<\/p>\n<p>PhD Maria Zielecka, prof. CNBOP-PIB<\/p>\n\t\t\t\t\t\t\t\t<\/div>\n\t\t\t\t<\/div>\n\t\t\t\t\t<\/div>\n\t\t<\/div>\n\t\t\t\t\t<\/div>\n\t\t<\/section>\n\t\t\t\t\t<\/div>\n\t\t<\/div>\n\t\t\t\t<div class=\"elementor-column elementor-col-25 elementor-top-column elementor-element elementor-element-99e5f7c\" data-id=\"99e5f7c\" data-element_type=\"column\">\n\t\t\t<div class=\"elementor-widget-wrap elementor-element-populated\">\n\t\t\t\t\t\t<div class=\"elementor-element elementor-element-77105b3 elementor-widget elementor-widget-shortcode\" data-id=\"77105b3\" data-element_type=\"widget\" data-widget_type=\"shortcode.default\">\n\t\t\t\t<div class=\"elementor-widget-container\">\n\t\t\t\t\t\t\t<div class=\"elementor-shortcode\">\t\t<div data-elementor-type=\"wp-post\" data-elementor-id=\"93\" class=\"elementor elementor-93\" data-elementor-post-type=\"ae_global_templates\">\n\t\t\t\t\t\t<section class=\"elementor-section elementor-top-section elementor-element elementor-element-846ea27 elementor-section-boxed elementor-section-height-default elementor-section-height-default\" data-id=\"846ea27\" data-element_type=\"section\">\n\t\t\t\t\t\t<div class=\"elementor-container elementor-column-gap-default\">\n\t\t\t\t\t<div class=\"elementor-column elementor-col-100 elementor-top-column elementor-element elementor-element-f069737\" data-id=\"f069737\" data-element_type=\"column\">\n\t\t\t<div class=\"elementor-widget-wrap\">\n\t\t\t\t\t\t\t<\/div>\n\t\t<\/div>\n\t\t\t\t\t<\/div>\n\t\t<\/section>\n\t\t\t\t<section class=\"elementor-section elementor-top-section elementor-element elementor-element-53857b1 elementor-section-boxed elementor-section-height-default elementor-section-height-default\" data-id=\"53857b1\" data-element_type=\"section\">\n\t\t\t\t\t\t<div class=\"elementor-container elementor-column-gap-no\">\n\t\t\t\t\t<div class=\"elementor-column elementor-col-100 elementor-top-column elementor-element elementor-element-82c2132\" data-id=\"82c2132\" data-element_type=\"column\">\n\t\t\t<div class=\"elementor-widget-wrap elementor-element-populated\">\n\t\t\t\t\t\t<div class=\"elementor-element elementor-element-7b267c7 elementor-widget elementor-widget-heading\" data-id=\"7b267c7\" data-element_type=\"widget\" data-widget_type=\"heading.default\">\n\t\t\t\t<div class=\"elementor-widget-container\">\n\t\t\t\t\t<h2 class=\"elementor-heading-title elementor-size-default\">Reklama<\/h2>\t\t\t\t<\/div>\n\t\t\t\t<\/div>\n\t\t\t\t<div class=\"elementor-element elementor-element-f54c3ea elementor-widget elementor-widget-image\" data-id=\"f54c3ea\" data-element_type=\"widget\" data-widget_type=\"image.default\">\n\t\t\t\t<div class=\"elementor-widget-container\">\n\t\t\t\t\t\t\t\t\t\t\t\t\t\t\t\t<a href=\"https:\/\/konferencja-przemyslchemiczny.pl\/\">\n\t\t\t\t\t\t\t<img decoding=\"async\" src=\"https:\/\/przemyslchemiczny.com\/wp-content\/uploads\/elementor\/thumbs\/konferencja_PCH_reklama-2026-rh7t1xz1wbvn1y2h9mq9k8iymkkx32fdjo4cfu0gfa.jpg\" title=\"konferencja_PCH_reklama 2026\" alt=\"konferencja_PCH_reklama 2026\" loading=\"lazy\" \/>\t\t\t\t\t\t\t\t<\/a>\n\t\t\t\t\t\t\t\t\t\t\t\t\t\t\t<\/div>\n\t\t\t\t<\/div>\n\t\t\t\t<div class=\"elementor-element elementor-element-1a392d7 elementor-widget elementor-widget-image\" data-id=\"1a392d7\" data-element_type=\"widget\" data-widget_type=\"image.default\">\n\t\t\t\t<div class=\"elementor-widget-container\">\n\t\t\t\t\t\t\t\t\t\t\t\t\t\t\t\t<a href=\"https:\/\/przemyslchemiczny.com\/prenumerata\/\">\n\t\t\t\t\t\t\t<img decoding=\"async\" src=\"https:\/\/przemyslchemiczny.com\/wp-content\/uploads\/elementor\/thumbs\/Prenumerata-2026_page-0001-scaled-rdq2wke83jf0utidgtoqnfbv7zw0hvgcuqc7vitemw.jpg\" title=\"Prenumerata 2026_page-0001\" alt=\"Prenumerata 2026 PCH\" loading=\"lazy\" \/>\t\t\t\t\t\t\t\t<\/a>\n\t\t\t\t\t\t\t\t\t\t\t\t\t\t\t<\/div>\n\t\t\t\t<\/div>\n\t\t\t\t\t<\/div>\n\t\t<\/div>\n\t\t\t\t\t<\/div>\n\t\t<\/section>\n\t\t\t\t<section class=\"elementor-section elementor-top-section elementor-element elementor-element-20a918f elementor-section-boxed elementor-section-height-default elementor-section-height-default\" data-id=\"20a918f\" data-element_type=\"section\">\n\t\t\t\t\t\t<div class=\"elementor-container elementor-column-gap-default\">\n\t\t\t\t\t<div class=\"elementor-column elementor-col-100 elementor-top-column elementor-element elementor-element-8814a83\" data-id=\"8814a83\" data-element_type=\"column\">\n\t\t\t<div class=\"elementor-widget-wrap elementor-element-populated\">\n\t\t\t\t\t\t\t<\/div>\n\t\t<\/div>\n\t\t\t\t\t<\/div>\n\t\t<\/section>\n\t\t\t\t<section class=\"elementor-section elementor-top-section elementor-element elementor-element-a02a0e5 elementor-section-boxed elementor-section-height-default elementor-section-height-default\" data-id=\"a02a0e5\" data-element_type=\"section\">\n\t\t\t\t\t\t<div class=\"elementor-container elementor-column-gap-default\">\n\t\t\t\t\t<div class=\"elementor-column elementor-col-100 elementor-top-column elementor-element elementor-element-2ab629e\" data-id=\"2ab629e\" data-element_type=\"column\">\n\t\t\t<div class=\"elementor-widget-wrap\">\n\t\t\t\t\t\t\t<\/div>\n\t\t<\/div>\n\t\t\t\t\t<\/div>\n\t\t<\/section>\n\t\t\t\t<\/div>\n\t\t<\/div>\n\t\t\t\t\t\t<\/div>\n\t\t\t\t<\/div>\n\t\t\t\t\t<\/div>\n\t\t<\/div>\n\t\t\t\t\t<\/div>\n\t\t<\/section>\n\t\t\t\t<\/div>\n\t\t","protected":false},"excerpt":{"rendered":"<p>Program Council Council President: Prof. PhD Bogus\u0142aw Buszewski Vice President of the Council: Prof. PhD Robert Pietrzak Secretary: PhD Eng. Arkadiusz Kami\u0144ski Full composition of the Program Council Prof. PhD Eng. Dariusz Bogda\u0142 Prof. PhD Boguslaw Buszewski (Chairman of the Council) Prof. PhD Eng. Anna Chrobok Prof. PhD Eng. Krystyna Czaja Prof. PhD Eng. Janusz [&hellip;]<\/p>\n","protected":false},"author":3,"featured_media":0,"parent":0,"menu_order":0,"comment_status":"closed","ping_status":"closed","template":"","meta":{"footnotes":""},"class_list":["post-1426","page","type-page","status-publish","hentry"],"_links":{"self":[{"href":"https:\/\/przemyslchemiczny.com\/en\/wp-json\/wp\/v2\/pages\/1426","targetHints":{"allow":["GET"]}}],"collection":[{"href":"https:\/\/przemyslchemiczny.com\/en\/wp-json\/wp\/v2\/pages"}],"about":[{"href":"https:\/\/przemyslchemiczny.com\/en\/wp-json\/wp\/v2\/types\/page"}],"author":[{"embeddable":true,"href":"https:\/\/przemyslchemiczny.com\/en\/wp-json\/wp\/v2\/users\/3"}],"replies":[{"embeddable":true,"href":"https:\/\/przemyslchemiczny.com\/en\/wp-json\/wp\/v2\/comments?post=1426"}],"version-history":[{"count":1,"href":"https:\/\/przemyslchemiczny.com\/en\/wp-json\/wp\/v2\/pages\/1426\/revisions"}],"predecessor-version":[{"id":1427,"href":"https:\/\/przemyslchemiczny.com\/en\/wp-json\/wp\/v2\/pages\/1426\/revisions\/1427"}],"wp:attachment":[{"href":"https:\/\/przemyslchemiczny.com\/en\/wp-json\/wp\/v2\/media?parent=1426"}],"curies":[{"name":"wp","href":"https:\/\/api.w.org\/{rel}","templated":true}]}}